{"id":2199,"date":"2023-07-15T21:46:18","date_gmt":"2023-07-15T21:46:18","guid":{"rendered":"https:\/\/www.studiodesiro.it\/cookie-policy\/"},"modified":"2024-01-10T17:26:23","modified_gmt":"2024-01-10T17:26:23","slug":"cookie-policy","status":"publish","type":"page","link":"https:\/\/www.studiodesiro.it\/en\/cookie-policy\/","title":{"rendered":"Cookie Policy"},"content":{"rendered":"<p><div class=\"fusion-fullwidth fullwidth-box fusion-builder-row-1 fusion-flex-container has-pattern-background has-mask-background nonhundred-percent-fullwidth non-hundred-percent-height-scrolling\" style=\"--awb-border-radius-top-left:0px;--awb-border-radius-top-right:0px;--awb-border-radius-bottom-right:0px;--awb-border-radius-bottom-left:0px;--awb-flex-wrap:wrap;\" ><div class=\"fusion-builder-row fusion-row fusion-flex-align-items-flex-start fusion-flex-content-wrap\" style=\"max-width:1248px;margin-left: calc(-4% \/ 2 );margin-right: calc(-4% \/ 2 );\"><div class=\"fusion-layout-column fusion_builder_column fusion-builder-column-0 fusion_builder_column_1_1 1_1 fusion-flex-column\" style=\"--awb-bg-size:cover;--awb-width-large:100%;--awb-margin-top-large:0px;--awb-spacing-right-large:1.92%;--awb-margin-bottom-large:20px;--awb-spacing-left-large:1.92%;--awb-width-medium:100%;--awb-order-medium:0;--awb-spacing-right-medium:1.92%;--awb-spacing-left-medium:1.92%;--awb-width-small:100%;--awb-order-small:0;--awb-spacing-right-small:1.92%;--awb-spacing-left-small:1.92%;\"><div class=\"fusion-column-wrapper fusion-column-has-shadow fusion-flex-justify-content-flex-start fusion-content-layout-column\"><div class=\"fusion-title title fusion-title-1 fusion-sep-none fusion-title-center fusion-title-text fusion-title-size-two\"><h2 class=\"fusion-title-heading title-heading-center\" style=\"margin:0;\">INFORMATIVA ESTESA SULL\u2019UTILIZZO DEI COOKIE<\/h2><\/div><div class=\"fusion-title title fusion-title-2 fusion-sep-none fusion-title-center fusion-title-text fusion-title-size-four\"><h4 class=\"fusion-title-heading title-heading-center\" style=\"margin:0;\"><strong>(Cookie policy)<\/strong><\/h4><\/div><\/div><\/div><\/div><\/div><div class=\"fusion-fullwidth fullwidth-box fusion-builder-row-2 fusion-flex-container nonhundred-percent-fullwidth non-hundred-percent-height-scrolling\" style=\"--awb-border-radius-top-left:0px;--awb-border-radius-top-right:0px;--awb-border-radius-bottom-right:0px;--awb-border-radius-bottom-left:0px;--awb-flex-wrap:wrap;\" ><div class=\"fusion-builder-row fusion-row fusion-flex-align-items-flex-start fusion-flex-content-wrap\" style=\"max-width:1248px;margin-left: calc(-4% \/ 2 );margin-right: calc(-4% \/ 2 );\"><div class=\"fusion-layout-column fusion_builder_column fusion-builder-column-1 fusion_builder_column_1_1 1_1 fusion-flex-column\" style=\"--awb-bg-size:cover;--awb-width-large:100%;--awb-margin-top-large:0px;--awb-spacing-right-large:1.92%;--awb-margin-bottom-large:0px;--awb-spacing-left-large:1.92%;--awb-width-medium:100%;--awb-spacing-right-medium:1.92%;--awb-spacing-left-medium:1.92%;--awb-width-small:100%;--awb-spacing-right-small:1.92%;--awb-spacing-left-small:1.92%;\"><div class=\"fusion-column-wrapper fusion-flex-justify-content-flex-start fusion-content-layout-column\"><div class=\"fusion-text fusion-text-1\"><p><strong>PERCH\u00c9 QUESTA INFORMATIVA<\/strong><\/p>\n<p>La presente Cookie policy descrive le modalit\u00e0 di trattamento dei dati personali degli utenti che consultano il sito web <a href=\"https:\/\/www.studiodesiro.it\">https:\/\/www.studiodesiro.it<\/a> di propriet\u00e0 di\u00a0 Paolo Desir\u00f2 in riferimento ai cookie che vengono rilasciati sul terminale dell\u2019utente\/visitatore per effetto della navigazione sul presente sito.<\/p>\n<p>L\u2019informativa \u00e8 resa solo per il presente sito web e non per altri siti <em>web esterni<\/em>, eventualmente consultati dall\u2019utente tramite <em>link<\/em>.<\/p>\n<p><strong>\u00a0<\/strong><\/p>\n<p><strong>TITOLARE DEL TRATTAMENTO<\/strong><\/p>\n<p>Paolo Desir\u00f2, Via Guelfa 116 50129 FIRENZE, Tel +39.3336209898, email <a href=\"mailto:info@studiodesiro.it\">info@studiodesiro.it<\/a><\/p>\n<p><strong>COOKIE utilizzati da questo sito<\/strong><\/p>\n<p>I cookie sono stringhe di testo di piccole dimensioni che i siti visitati dall&#8217;utente inviano al suo terminale (solitamente al browser), dove vengono memorizzati per essere poi ritrasmessi agli stessi siti alla successiva visita del medesimo utente. Nel corso della navigazione su un sito, l&#8217;utente pu\u00f2 ricevere sul suo terminale anche cookie che vengono inviati da siti o da web server diversi (c.d. &#8220;terze parti&#8221;), sui quali possono risiedere alcuni elementi (quali, ad esempio, immagini, mappe, suoni, specifici link a pagine di altri domini) presenti sul sito che lo stesso sta visitando.<\/p>\n<p>Queste tecnologie sono utilizzate ad es. per eseguire autenticazioni informatiche, monitorare sessioni e memorizzare informazioni riguardanti le attivit\u00e0 degli utenti che accedono ad un servizio e possono contenere anche un codice identificativo unico che consente di tenere traccia della navigazione dell\u2019utente all\u2019interno del sito per finalit\u00e0 statistiche o pubblicitarie.<\/p>\n<p>I cookie, in base alla loro tipologia, possono essere suddivisi nelle seguenti categorie:<\/p>\n<p><em>Cookie (tecnici) di navigazione o di sessione<\/em><\/p>\n<p>Garantiscono la normale navigazione e fruizione del sito web (permettendo, ad esempio, di realizzare un acquisto o autenticarsi per accedere ad aree riservate)<\/p>\n<p><em>Cookie (tecnici) analytics<\/em><\/p>\n<p>Assimilati ai cookie tecnici laddove utilizzati direttamente dal gestore del sito per raccogliere informazioni, in forma aggregata, sul numero degli utenti e su come questi visitano il sito stesso<\/p>\n<p><em>Cookie (tecnici) di funzionalit\u00e0<\/em><\/p>\n<p>Permettono all&#8217;utente la navigazione in funzione di una serie di criteri selezionati (ad esempio, la lingua, i prodotti selezionati per l&#8217;acquisto) al fine di migliorare il servizio reso allo stesso<\/p>\n<p><em>Cookie di \u201cterze parti\u201d<\/em><\/p>\n<p>Installati sul terminale dell&#8217;utente da parte di un sito diverso (c.d. &#8220;terze parti&#8221;) che installa cookie per il tramite del primo sito che l&#8217;utente sta visitando. Nel corso della navigazione su un sito, l&#8217;utente pu\u00f2 ricevere sul suo terminale questi cookie che vengono inviati da siti o da web server diversi (c.d. &#8220;terze parti&#8221;), sui quali possono risiedere alcuni elementi (quali, ad esempio, immagini, mappe, suoni, specifici link a pagine di altri domini) presenti sul sito che lo stesso sta visitando<\/p>\n<p><em>Cookie di profilazione<\/em><\/p>\n<p>Sono volti a creare profili relativi all&#8217;utente e vengono utilizzati al fine di inviare messaggi pubblicitari in linea con le preferenze manifestate dallo stesso nell&#8217;ambito della navigazione in rete<\/p>\n<p>In conformit\u00e0 al Provvedimento del Garante privacy \u201cIndividuazione delle modalit\u00e0 semplificate per l\u2019informativa e l\u2019acquisizione del consenso per l\u2019uso dei cookie . 8 maggio 2014\u201d, il suo preventivo consenso per l\u2019uso dei cookie non \u00e8 sempre richiesto. In particolare, tale consenso non \u00e8 richiesto per i \u201ccookie tecnici\u201d, es. quelli strettamente necessari per fornire un servizio espressamente richiesto dall\u2019utente. In altre parole, i cookie indispensabili per l\u2019operativit\u00e0 di un sito.<\/p>\n<p>Il suo preventivo consenso \u00e8 invece richiesto per i cookie \u201canalitici\u201d non anonimizzati e per i quali non sia stato impedito alla terza parte di effettuare incroci di dati, per i cookie di profilazione, es. quelli che forniscono analisi statistiche sull\u2019utilizzo di un sito web o che creano profili di utenti per inviargli messaggi pubblicitari in linea con le preferenze che hanno manifestato, con semplici azioni come ad es. la selezione di un annuncio, durante la navigazione.<\/p>\n<p><strong>Questo sito utilizza:<\/strong><\/p>\n<ul>\n<li><strong>cookie analitici di terze parti (Google analytics) per raccogliere notizie in forma aggregata ed anonima sul numero degli utenti e su come questi visitano il sito. Per quanto riguarda questa particolare categoria di cookie il titolare ha provveduto ad anonimizzare gli indirizzi IP degli utenti del sito, mediante accorgimenti tecnici, e attraverso una appropriata impostazione dell\u2019account google analytics posseduto dal titolare \u00e8 stato impedito a Google di incrociare le informazioni raccolte con altre di cui \u00e8 gi\u00e0 in possesso riguardanti l\u2019utenza. In virt\u00f9 delle operazioni eseguite i cookie rilasciati da Google sono assimilabili ai cookie tecnici che in base al dettato del provvedimento in materia del Garante privacy (<\/strong><strong><a href=\"http:\/\/www.garanteprivacy.it\/garante\/doc.jsp?ID=3118884\">Individuazione delle modalit\u00e0 semplificate per l&#8217;informativa e l&#8217;acquisizione del consenso per l&#8217;uso dei cookie<\/a>) <\/strong><strong>possono essere installati senza il consenso dell\u2019utente segnalandoli nella presente informativa.<\/strong><\/li>\n<\/ul>\n<p><strong>\u00a0<\/strong><\/p>\n<table width=\"100%\">\n<tbody>\n<tr>\n<td width=\"15%\"><strong>Soggetto che rilascia cookie<\/strong><\/td>\n<td width=\"20%\"><strong>Tipologia di cookie<\/strong><\/td>\n<td width=\"23%\"><strong>Denominazione e funzionalit\u00e0 dei cookie<\/strong><\/td>\n<td width=\"40%\"><strong>Link alle informative e ai moduli di consenso delle terze parti<\/strong><\/td>\n<\/tr>\n<tr>\n<td rowspan=\"3\" width=\"15%\">Google<\/p>\n<p>(google analytics)<\/p>\n<p>tramite il dominio inwya.com<\/td>\n<td rowspan=\"3\" width=\"20%\">Terze parti analytics, si attivano con il caricamento delle pagine web del Sito<\/td>\n<td width=\"23%\"><strong>_ga<\/strong><\/p>\n<p>cookie persistente, scade dopo 2 anni, utilizzato per distingue gli utenti assegnandogli un numero generato in modo casuale come identificatore client. \u00c8 incluso in ogni richiesta di pagina e viene utilizzato per calcolare il numero di visitatori, sessioni e dati al fine di produrre report di analisi<\/td>\n<td rowspan=\"3\" width=\"40%\"><a href=\"https:\/\/www.google.it\/policies\/technologies\/cookies\/\">https:\/\/www.google.it\/policies\/technologies\/cookies\/<\/a><\/p>\n<p>L&#8217;utente pu\u00f2 disabilitare in modo selettivo l&#8217;azione di Google Analytics installando sul proprio browser la componente di opt-out fornito da Google. Per disabilitare l&#8217;azione di Google Analytics, si rinvia al link di seguito indicato:<\/p>\n<p><a href=\"https:\/\/tools.google.com\/dlpage\/gaoptout\">https:\/\/tools.google.com\/dlpage\/gaoptout<\/a><\/td>\n<\/tr>\n<tr>\n<td width=\"23%\"><strong>_gat<\/strong><\/p>\n<p>cookie utilizzato per velocizzare le richieste di accesso, scade ogni 10 min<\/td>\n<\/tr>\n<tr>\n<td width=\"23%\"><strong>_gid<\/strong><\/p>\n<p>cookie temporaneo, scade dopo 24 ore, utilizzato per distingue gli utenti assegnandogli un numero generato in modo casuale come identificatore client.<\/td>\n<\/tr>\n<\/tbody>\n<\/table>\n<p>Interagendo con il Servizio attraverso la selezione (click) dei link o delle immagini presenti \u00e8 possibile raggiungere altri siti o pagine web che, come il nostro, devono rispettare la normativa sull\u2019utilizzo dei cookie e fornirvi le relative informazioni nel rispetto del provvedimento in materia.<\/p>\n<p><strong><em>Come disabilitare i cookie mediante configurazione dei browser pi\u00f9 comuni<\/em><\/strong><\/p>\n<p><strong><u>\u00a0<\/u><\/strong><\/p>\n<p><strong><u>Chrome<\/u><\/strong><strong><u>:<\/u><\/strong> <a href=\"https:\/\/support.google.com\/chrome\/answer\/95647?hl=it\">https:\/\/support.google.com\/chrome\/answer\/95647?hl=it<\/a><\/p>\n<p><strong><u>Mozilla Firefox<\/u><\/strong><strong><u>:<\/u><\/strong> <a href=\"https:\/\/support.mozilla.org\/it\/kb\/Gestione%20dei%20cookie\">https:\/\/support.mozilla.org\/it\/kb\/Gestione%20dei%20cookie<\/a><\/p>\n<p><strong><u>Internet Explorer:<\/u><\/strong> <a href=\"https:\/\/support.microsoft.com\/it-it\/help\/17442\/windows-internet-explorer-delete-manage-cookies\">https:\/\/support.microsoft.com\/it-it\/help\/17442\/windows-internet-explorer-delete-manage-cookies<\/a><\/p>\n<p><strong><u>Safari<\/u><\/strong><strong><u>: <\/u><\/strong><a href=\"https:\/\/support.apple.com\/it-it\/guide\/safari\/sfri11471\/mac\">https:\/\/support.apple.com\/it-it\/guide\/safari\/sfri11471\/mac<\/a><\/p>\n<p><strong><u>Opera<\/u><\/strong><strong><u>: <\/u><\/strong><a href=\"https:\/\/www.opera.com\/it\/help\">https:\/\/www.opera.com\/it\/help<\/a><\/p>\n<p><strong>DESTINATARI DEI DATI<\/strong><\/p>\n<p>Sono destinatari dei dati in riferimento ai cookie che vengono rilasciati sul terminale dell\u2019utente\/visitatore per effetto della navigazione sul presente sito web i seguenti soggetti:<\/p>\n<ul>\n<li>Google Ireland Ltd per la realizzazione di statistiche aggregate e anonime tramite la piattaforma Google analytics; che agisce tipicamente in qualit\u00e0 di responsabile del trattamento per conto del titolare;<\/li>\n<li>nostro personale autorizzato al trattamento che agisce sulla base di specifiche istruzioni fornite (es. dipendenti e collaboratori del titolare);<\/li>\n<\/ul>\n<p>Per avere un elenco completo dei responsabili del trattamento dati potr\u00e0 contattare in qualsiasi momento il titolare del trattamento.<\/p>\n<p><strong>\u00a0<\/strong><\/p>\n<p><strong>TRASFERIMENTO DATI PERSONALI A PAESI TERZI O ORGANIZZAZIONI INTERNAZIONALI <\/strong><\/p>\n<p>Per effettuare attivit\u00e0 di analisi statistiche utilizziamo servizi di Google Ireland Ltd con sede in Europa; in relazione alle dimensioni nonch\u00e9 ai possibili rapporti che legano le societ\u00e0 raccolte sotto il brand Google non possiamo affermare che i dati personali non vengano trasferiti negli Stati Uniti d\u2019America o in altre sedi estere. Il trasferimento verso le sedi estere viene effettuato in base a una decisione di adeguatezza, ove presente, o a clausole contrattuali standard.<\/p>\n<p><strong>\u00a0<\/strong><\/p>\n<p><strong>DIRITTI DEGLI INTERESSATI<\/strong><\/p>\n<p><strong>In qualit\u00e0 di interessato pu\u00f2 far valere i suoi diritti di cui agli art. da 15 a 21 del RGPD (UE) 2016\/679, riportati sinteticamente di seguito, rivolgendosi in qualunque momento al titolare del trattamento.<\/strong><\/p>\n<p><strong>Nello specifico lei potr\u00e0 avere accesso ai dati personali che la riguardano, ottenere la rettifica o la cancellazione degli stessi, la limitazione del trattamento e la loro portabilit\u00e0.<\/strong><\/p>\n<p><strong>\u00a0<\/strong><\/p>\n<p><strong>DIRITTO DI RECLAMO<\/strong><\/p>\n<p><strong>Gli interessati che ritengono che il trattamento dei dati personali a loro riferiti effettuato attraverso questa sito web avvenga in violazione di quanto previsto dal Regolamento hanno il diritto di proporre reclamo al Garante, come previsto dall&#8217;art. 77 del Regolamento stesso, o di adire le opportune sedi giudiziarie (art. 79 del Regolamento).<\/strong><\/p>\n<p><strong>\u00a0<\/strong><\/p>\n<p><strong>DATI DI CONTATTO PER L\u2019AZIONAMENTO DEI DIRITTI DA PARTE DELL\u2019INTERESSATO<\/strong><\/p>\n<p>Paolo Desir\u00f2, Via Guelfa 116 50129 FIRENZE, Tel +39.3336209898, email <a href=\"mailto:info@studiodesiro.it\">info@studiodesiro.it<\/a><\/p>\n<\/div><\/div><\/div><\/div><\/div><\/p>\n","protected":false},"excerpt":{"rendered":"","protected":false},"author":2,"featured_media":0,"parent":0,"menu_order":11,"comment_status":"closed","ping_status":"closed","template":"","meta":{"footnotes":""},"class_list":["post-2199","page","type-page","status-publish","hentry"],"_links":{"self":[{"href":"https:\/\/www.studiodesiro.it\/en\/wp-json\/wp\/v2\/pages\/2199","targetHints":{"allow":["GET"]}}],"collection":[{"href":"https:\/\/www.studiodesiro.it\/en\/wp-json\/wp\/v2\/pages"}],"about":[{"href":"https:\/\/www.studiodesiro.it\/en\/wp-json\/wp\/v2\/types\/page"}],"author":[{"embeddable":true,"href":"https:\/\/www.studiodesiro.it\/en\/wp-json\/wp\/v2\/users\/2"}],"replies":[{"embeddable":true,"href":"https:\/\/www.studiodesiro.it\/en\/wp-json\/wp\/v2\/comments?post=2199"}],"version-history":[{"count":2,"href":"https:\/\/www.studiodesiro.it\/en\/wp-json\/wp\/v2\/pages\/2199\/revisions"}],"predecessor-version":[{"id":2201,"href":"https:\/\/www.studiodesiro.it\/en\/wp-json\/wp\/v2\/pages\/2199\/revisions\/2201"}],"wp:attachment":[{"href":"https:\/\/www.studiodesiro.it\/en\/wp-json\/wp\/v2\/media?parent=2199"}],"curies":[{"name":"wp","href":"https:\/\/api.w.org\/{rel}","templated":true}]}}