{"id":2202,"date":"2023-07-13T09:29:44","date_gmt":"2023-07-13T09:29:44","guid":{"rendered":"https:\/\/www.studiodesiro.it\/?page_id=2202"},"modified":"2024-01-10T17:27:53","modified_gmt":"2024-01-10T17:27:53","slug":"privacy-policy","status":"publish","type":"page","link":"https:\/\/www.studiodesiro.it\/en\/privacy-policy\/","title":{"rendered":"Privacy Policy"},"content":{"rendered":"<p><div class=\"fusion-fullwidth fullwidth-box fusion-builder-row-1 fusion-flex-container has-pattern-background has-mask-background nonhundred-percent-fullwidth non-hundred-percent-height-scrolling\" style=\"--awb-border-radius-top-left:0px;--awb-border-radius-top-right:0px;--awb-border-radius-bottom-right:0px;--awb-border-radius-bottom-left:0px;--awb-margin-bottom:40px;--awb-flex-wrap:wrap;\" ><div class=\"fusion-builder-row fusion-row fusion-flex-align-items-flex-start fusion-flex-content-wrap\" style=\"max-width:1248px;margin-left: calc(-4% \/ 2 );margin-right: calc(-4% \/ 2 );\"><div class=\"fusion-layout-column fusion_builder_column fusion-builder-column-0 fusion_builder_column_1_1 1_1 fusion-flex-column\" style=\"--awb-bg-size:cover;--awb-width-large:100%;--awb-margin-top-large:0px;--awb-spacing-right-large:1.92%;--awb-margin-bottom-large:20px;--awb-spacing-left-large:1.92%;--awb-width-medium:100%;--awb-order-medium:0;--awb-spacing-right-medium:1.92%;--awb-spacing-left-medium:1.92%;--awb-width-small:100%;--awb-order-small:0;--awb-spacing-right-small:1.92%;--awb-spacing-left-small:1.92%;\"><div class=\"fusion-column-wrapper fusion-column-has-shadow fusion-flex-justify-content-flex-start fusion-content-layout-column\"><div class=\"fusion-text fusion-text-1\"><p style=\"text-align: center;\"><strong>Informativa per gli utenti che consultano il sito web <\/strong><\/p>\n<p style=\"text-align: center;\"><a href=\"https:\/\/www.studiodesiro.it\"><strong>https:\/\/www.studiodesiro.it<\/strong><\/a><\/p>\n<p style=\"text-align: center;\"><strong>in relazione al trattamento dei dati personali<\/strong><\/p>\n<p style=\"text-align: center;\">ai sensi dell&#8217;art. 13 del Regolamento generale sulla protezione dei dati personali (RGPD 2016\/679)<\/p>\n<\/div><\/div><\/div><\/div><\/div><div class=\"fusion-fullwidth fullwidth-box fusion-builder-row-2 fusion-flex-container has-pattern-background has-mask-background nonhundred-percent-fullwidth non-hundred-percent-height-scrolling\" style=\"--awb-border-radius-top-left:0px;--awb-border-radius-top-right:0px;--awb-border-radius-bottom-right:0px;--awb-border-radius-bottom-left:0px;--awb-flex-wrap:wrap;\" ><div class=\"fusion-builder-row fusion-row fusion-flex-align-items-flex-start fusion-flex-content-wrap\" style=\"max-width:1248px;margin-left: calc(-4% \/ 2 );margin-right: calc(-4% \/ 2 );\"><div class=\"fusion-layout-column fusion_builder_column fusion-builder-column-1 fusion_builder_column_1_1 1_1 fusion-flex-column\" style=\"--awb-bg-size:cover;--awb-width-large:100%;--awb-margin-top-large:0px;--awb-spacing-right-large:1.92%;--awb-margin-bottom-large:20px;--awb-spacing-left-large:1.92%;--awb-width-medium:100%;--awb-order-medium:0;--awb-spacing-right-medium:1.92%;--awb-spacing-left-medium:1.92%;--awb-width-small:100%;--awb-order-small:0;--awb-spacing-right-small:1.92%;--awb-spacing-left-small:1.92%;\"><div class=\"fusion-column-wrapper fusion-column-has-shadow fusion-flex-justify-content-flex-start fusion-content-layout-column\"><div class=\"fusion-text fusion-text-2\"><p><strong>\u00a0<\/strong><strong>PERCH\u00c9 QUESTA INFORMATIVA<\/strong><\/p>\n<p>La presente informativa descrive le modalit\u00e0 di trattamento dei dati personali degli utenti che consultano il sito web <a href=\"https:\/\/www.studiodesiro.it\">https:\/\/www.studiodesiro.it<\/a> di propriet\u00e0 della societ\u00e0 CG SERRAMENTI Srl in riferimento al trattamento dei dati personali degli utenti, persone fisiche identificati o identificabili, che lo consultano e che interagiscono con esso.<\/p>\n<p>L\u2019informativa \u00e8 resa solo per il presente sito web e non per altri siti <em>web esterni<\/em>, eventualmente consultati dall\u2019utente tramite <em>link<\/em>.<\/p>\n<p><strong>TITOLARE DEL TRATTAMENTO<\/strong><\/p>\n<p>Paolo Desir\u00f2, Via Guelfa 116 50129 FIRENZE, Tel +39.3336209898, email <a href=\"mailto:info@studiodesiro.it\">info@studiodesiro.it<\/a><\/p>\n<p><strong>FINALIT\u00c0 E BASE GIURIDICA DEL TRATTAMENTO<\/strong><\/p>\n<p>I dati personali forniti attraverso il sito saranno trattati dalla ns. societ\u00e0 per le seguenti finalit\u00e0:<\/p>\n<ol>\n<li>per l\u2019erogazione di un servizio o il riscontro ad una richiesta avanzata da parte dell\u2019utente; la base giuridica in questo caso \u00e8 l\u2019esecuzione di un contratto di cui \u00e8 parte l\u2019utente o l\u2019esecuzione di misure precontrattuali adottate dietro sua richiesta (es: richiesta di contatto tramite il modulo Contatti ecc.);<\/li>\n<li>per effettuare ricerche\/analisi statistiche su dati aggregati o anonimi, senza dunque possibilit\u00e0 di identificare l\u2019utente, volti a misurare il funzionamento del Sito, misurare il traffico e valutare usabilit\u00e0 e interesse; <em>ed eventualmente per<\/em><\/li>\n<li>l\u2019adempimento di un obbligo legale al quale il titolare \u00e8 soggetto;<\/li>\n<li>accertare, esercitare o difendere un diritto in sede giudiziaria o ogniqualvolta le autorit\u00e0 giurisdizionali esercitino le loro funzioni giurisdizionali;<\/li>\n<\/ol>\n<p>Il conferimento dei suoi dati personali per le finalit\u00e0 sopra elencate \u00e8 facoltativo, ma il loro eventuale mancato conferimento potrebbe rendere impossibile riscontrare una sua richiesta o adempiere ad un obbligo legale a cui il titolare \u00e8 soggetto.<\/p>\n<p><strong>TIPI DI DATI TRATTATI E TEMPI DI CANCELLAZIONE<\/strong><\/p>\n<p><strong>\u00a0<\/strong><\/p>\n<p><em>Dati comunicati dall&#8217;utente<\/em><\/p>\n<p><em>\u00a0<\/em>L&#8217;invio facoltativo, esplicito e volontario di messaggi agli indirizzi di contatto presenti sul sito, nonch\u00e9 la compilazione e l&#8217;inoltro dei moduli\/form presenti, comportano l&#8217;acquisizione dei dati di contatto del mittente, necessari a rispondere alle richieste, nonch\u00e9 di tutti i dati personali inclusi nelle comunicazioni. In via generale cancelleremo i dati riferiti o riferibili all\u2019utente in nostro possesso nel momento in cui non saranno pi\u00f9 necessari al raggiungimento delle finalit\u00e0 ascritte.<\/p>\n<p><em>\u00a0<\/em><\/p>\n<p><em>Dati di navigazione<\/em><\/p>\n<p><em>\u00a0<\/em>I sistemi informatici e le procedure software preposte al funzionamento di questo sito acquisiscono, nel corso del loro normale esercizio, alcuni dati personali la cui trasmissione \u00e8 implicita nell&#8217;uso dei protocolli di comunicazione di Internet.<\/p>\n<p>In questa categoria di dati rientrano gli indirizzi IP o i nomi a dominio dei computer e dei terminali utilizzati dagli utenti, gli indirizzi in notazione URI\/URL (Uniform Resource Identifier\/Locator) delle risorse richieste, l&#8217;orario della richiesta, il metodo utilizzato nel sottoporre la richiesta al server, la dimensione del file ottenuto in risposta, il codice numerico indicante lo stato della risposta data dal server (buon fine, errore, ecc.) ed altri parametri relativi al sistema operativo e all&#8217;ambiente informatico dell&#8217;utente.<\/p>\n<p>Tali dati vengono utilizzati al fine di ricavare informazioni statistiche anonime sull\u2019uso del Sito e per controllarne il corretto funzionamento; per permettere \u2013 vista l\u2019architettura dei sistemi utilizzati \u2013 la corretta erogazione delle varie funzionalit\u00e0 da te richieste, per ragioni di sicurezza e di accertamento di responsabilit\u00e0 in caso di ipotetici reati informatici ai danni del sito o di terzi e vengono cancellati dopo 7 giorni.<\/p>\n<p><em>\u00a0<\/em><\/p>\n<p><em>Cookie e altri sistemi di tracciamento<\/em><\/p>\n<p>Il nostro sito utilizza cookie analitici di terze parti per raccogliere notizie in forma aggregata ed anonima sul numero degli utenti e su come questi visitano il sito.<\/p>\n<p>Per avere indicazioni sull\u2019uso dei cookie e la possibilit\u00e0 di scegliere quali specifici cookie autorizzare acceda all\u2019Informativa estesa sull\u2019utilizzo dei cookie raggiungibile al seguente link: <a href=\"https:\/\/www.studiodesiro.it\/cookie-policy\/\">https:\/\/www.studiodesiro.it\/privacy-policy\/<\/a><\/p>\n<p>Il nostro sito non utilizza tecnologie diverse dai cookie per profilare l\u2019utente (pixel tag, web beacons ecc\u2026).<\/p>\n<p><strong>\u00a0<\/strong><\/p>\n<p><strong>DESTINATARI DEI DATI<\/strong><\/p>\n<p>I suoi dati potranno essere comunicati a soggetti ai quali la comunicazione sia obbligatoria per legge quali ad esempio un\u2019Autorit\u00e0 giudiziaria.<\/p>\n<p>Sono destinatari dei dati raccolti a seguito della consultazione del sito web i seguenti soggetti:<\/p>\n<ul>\n<li>Keliweb per la fornitura del servizio di hosting del sito web,<\/li>\n<li>Google Ireland Limited per la realizzazione di statistiche aggregate e anonime tramite la piattaforma Google analytics,<\/li>\n<li>MystDesign &#8211; Servizi Web di Nieddu Gianluigi per la realizzazione, la manutenzione, l\u2019aggiornamento nonch\u00e9 l\u2019amministrazione della piattaforma di analisi del sito web,<\/li>\n<\/ul>\n<p>che agiscono in qualit\u00e0 di responsabili del trattamento per conto del titolare.<\/p>\n<p><strong>\u00a0<\/strong><\/p>\n<p><strong>TRASFERIMENTO DATI PERSONALI A PAESI TERZI O ORGANIZZAZIONI INTERNAZIONALI <\/strong><\/p>\n<p>Per effettuare attivit\u00e0 di analisi statistiche utilizziamo servizi di Google Ireland Ltd con sede in Europa; in relazione alle dimensioni nonch\u00e9 ai possibili rapporti che legano le societ\u00e0 raccolte sotto il brand Google non possiamo affermare che i dati personali non vengano trasferiti negli Stati Uniti d\u2019America o in altre sedi estere. Il trasferimento verso le sedi estere viene effettuato in base a una decisione di adeguatezza, ove presente, o a clausole contrattuali standard.<\/p>\n<p><strong>\u00a0<\/strong><\/p>\n<p><strong>TRATTAMENTI AUTOMATIZZATI <\/strong><\/p>\n<p><strong>La societ\u00e0 non effettua trattamenti basati su un processo decisionale automatizzato, compresa la profilazione che producono effetti giuridici nei suoi confronti o che possono incidere in modo significativo sulla sua persona.<\/strong><\/p>\n<p><strong>\u00a0<\/strong><\/p>\n<p><strong>DIRITTI DEGLI INTERESSATI<\/strong><\/p>\n<p><strong>In qualit\u00e0 di interessato pu\u00f2 far valere i suoi diritti di cui agli art. da 15 a 21 del RGPD 2016\/679, riportati sinteticamente di seguito, rivolgendosi in qualunque momento al titolare del trattamento.<\/strong><\/p>\n<p><strong>Nello specifico lei potr\u00e0 avere accesso ai dati personali che la riguardano, ottenere la rettifica o la cancellazione degli stessi, la limitazione del trattamento e la portabilit\u00e0 dei dati.<\/strong><\/p>\n<p><strong>\u00a0<\/strong><\/p>\n<p><strong>DIRITTO DI RECLAMO<\/strong><\/p>\n<p><strong>Gli interessati che ritengono che il trattamento dei dati personali a loro riferiti effettuato attraverso questo sito avvenga in violazione di quanto previsto dal Regolamento hanno il diritto di proporre reclamo al Garante, come previsto dall&#8217;art. 77 del Regolamento stesso, o di adire le opportune sedi giudiziarie (art. 79 del Regolamento).<\/strong><\/p>\n<p><strong>DATI DI CONTATTO PER L\u2019AZIONAMENTO DEI DIRITTI DA PARTE DELL\u2019INTERESSATO<\/strong><\/p>\n<p>Titolare del trattamento, Paolo Desir\u00f2, Via Guelfa 116 50129 FIRENZE, Tel +39.3336209898, email <a href=\"mailto:info@studiodesiro.it\">info@studiodesiro.it<\/a><\/p>\n<\/div><\/div><\/div><\/div><\/div><\/p>\n","protected":false},"excerpt":{"rendered":"","protected":false},"author":2,"featured_media":0,"parent":0,"menu_order":10,"comment_status":"closed","ping_status":"closed","template":"","meta":{"footnotes":""},"class_list":["post-2202","page","type-page","status-publish","hentry"],"_links":{"self":[{"href":"https:\/\/www.studiodesiro.it\/en\/wp-json\/wp\/v2\/pages\/2202","targetHints":{"allow":["GET"]}}],"collection":[{"href":"https:\/\/www.studiodesiro.it\/en\/wp-json\/wp\/v2\/pages"}],"about":[{"href":"https:\/\/www.studiodesiro.it\/en\/wp-json\/wp\/v2\/types\/page"}],"author":[{"embeddable":true,"href":"https:\/\/www.studiodesiro.it\/en\/wp-json\/wp\/v2\/users\/2"}],"replies":[{"embeddable":true,"href":"https:\/\/www.studiodesiro.it\/en\/wp-json\/wp\/v2\/comments?post=2202"}],"version-history":[{"count":1,"href":"https:\/\/www.studiodesiro.it\/en\/wp-json\/wp\/v2\/pages\/2202\/revisions"}],"predecessor-version":[{"id":2203,"href":"https:\/\/www.studiodesiro.it\/en\/wp-json\/wp\/v2\/pages\/2202\/revisions\/2203"}],"wp:attachment":[{"href":"https:\/\/www.studiodesiro.it\/en\/wp-json\/wp\/v2\/media?parent=2202"}],"curies":[{"name":"wp","href":"https:\/\/api.w.org\/{rel}","templated":true}]}}